{"id":84,"date":"2026-01-22T08:55:30","date_gmt":"2026-01-22T08:55:30","guid":{"rendered":"https:\/\/www.rfa-italia.it\/wp\/?page_id=84"},"modified":"2026-01-22T11:29:07","modified_gmt":"2026-01-22T11:29:07","slug":"statuto","status":"publish","type":"page","link":"https:\/\/www.rfa-italia.it\/wp\/?page_id=84","title":{"rendered":"Statuto"},"content":{"rendered":"\t\t<div data-elementor-type=\"wp-page\" data-elementor-id=\"84\" class=\"elementor elementor-84\">\n\t\t\t\t<div class=\"elementor-element elementor-element-6abd298 e-flex e-con-boxed e-con e-parent\" data-id=\"6abd298\" data-element_type=\"container\" data-e-type=\"container\">\n\t\t\t\t\t<div class=\"e-con-inner\">\n\t\t<div class=\"elementor-element elementor-element-ca9c48a e-con-full e-flex e-con e-child\" data-id=\"ca9c48a\" data-element_type=\"container\" data-e-type=\"container\" data-settings=\"{&quot;background_background&quot;:&quot;classic&quot;}\">\n\t\t\t\t<div class=\"elementor-element elementor-element-bde33ab elementor-align-center elementor-widget elementor-widget-button\" data-id=\"bde33ab\" data-element_type=\"widget\" data-e-type=\"widget\" id=\"art-1\" data-widget_type=\"button.default\">\n\t\t\t\t\t\t\t\t\t\t<a class=\"elementor-button elementor-button-link elementor-size-sm\" href=\"#art-1\">\n\t\t\t\t\t\t<span class=\"elementor-button-content-wrapper\">\n\t\t\t\t\t\t\t\t\t<span class=\"elementor-button-text\">Art. 1<\/span>\n\t\t\t\t\t<\/span>\n\t\t\t\t\t<\/a>\n\t\t\t\t\t\t\t\t<\/div>\n\t\t\t\t<div class=\"elementor-element elementor-element-821f1cd elementor-align-center elementor-widget elementor-widget-button\" data-id=\"821f1cd\" data-element_type=\"widget\" data-e-type=\"widget\" data-widget_type=\"button.default\">\n\t\t\t\t\t\t\t\t\t\t<a class=\"elementor-button elementor-button-link elementor-size-sm\" href=\"#art-2\">\n\t\t\t\t\t\t<span class=\"elementor-button-content-wrapper\">\n\t\t\t\t\t\t\t\t\t<span class=\"elementor-button-text\">Art. 2<\/span>\n\t\t\t\t\t<\/span>\n\t\t\t\t\t<\/a>\n\t\t\t\t\t\t\t\t<\/div>\n\t\t\t\t<div class=\"elementor-element elementor-element-9731dec elementor-align-center elementor-widget elementor-widget-button\" data-id=\"9731dec\" data-element_type=\"widget\" data-e-type=\"widget\" data-widget_type=\"button.default\">\n\t\t\t\t\t\t\t\t\t\t<a class=\"elementor-button elementor-button-link elementor-size-sm\" href=\"#art-3\">\n\t\t\t\t\t\t<span class=\"elementor-button-content-wrapper\">\n\t\t\t\t\t\t\t\t\t<span class=\"elementor-button-text\">Art. 3<\/span>\n\t\t\t\t\t<\/span>\n\t\t\t\t\t<\/a>\n\t\t\t\t\t\t\t\t<\/div>\n\t\t\t\t<div class=\"elementor-element elementor-element-685d30c elementor-align-center elementor-widget elementor-widget-button\" data-id=\"685d30c\" data-element_type=\"widget\" data-e-type=\"widget\" data-widget_type=\"button.default\">\n\t\t\t\t\t\t\t\t\t\t<a class=\"elementor-button elementor-button-link elementor-size-sm\" href=\"#art-4\">\n\t\t\t\t\t\t<span class=\"elementor-button-content-wrapper\">\n\t\t\t\t\t\t\t\t\t<span class=\"elementor-button-text\">Art. 4<\/span>\n\t\t\t\t\t<\/span>\n\t\t\t\t\t<\/a>\n\t\t\t\t\t\t\t\t<\/div>\n\t\t\t\t<div class=\"elementor-element elementor-element-0050551 elementor-align-center elementor-widget elementor-widget-button\" data-id=\"0050551\" data-element_type=\"widget\" data-e-type=\"widget\" data-widget_type=\"button.default\">\n\t\t\t\t\t\t\t\t\t\t<a class=\"elementor-button elementor-button-link elementor-size-sm\" href=\"#art-5\">\n\t\t\t\t\t\t<span class=\"elementor-button-content-wrapper\">\n\t\t\t\t\t\t\t\t\t<span class=\"elementor-button-text\">Art. 5<\/span>\n\t\t\t\t\t<\/span>\n\t\t\t\t\t<\/a>\n\t\t\t\t\t\t\t\t<\/div>\n\t\t\t\t<div class=\"elementor-element elementor-element-6d49c08 elementor-align-center elementor-widget elementor-widget-button\" data-id=\"6d49c08\" data-element_type=\"widget\" data-e-type=\"widget\" data-widget_type=\"button.default\">\n\t\t\t\t\t\t\t\t\t\t<a class=\"elementor-button elementor-button-link elementor-size-sm\" href=\"#art-6\">\n\t\t\t\t\t\t<span class=\"elementor-button-content-wrapper\">\n\t\t\t\t\t\t\t\t\t<span class=\"elementor-button-text\">Art. 6<\/span>\n\t\t\t\t\t<\/span>\n\t\t\t\t\t<\/a>\n\t\t\t\t\t\t\t\t<\/div>\n\t\t\t\t<div class=\"elementor-element elementor-element-58a0989 elementor-align-center elementor-widget elementor-widget-button\" data-id=\"58a0989\" data-element_type=\"widget\" data-e-type=\"widget\" data-widget_type=\"button.default\">\n\t\t\t\t\t\t\t\t\t\t<a class=\"elementor-button elementor-button-link elementor-size-sm\" href=\"#art-7\">\n\t\t\t\t\t\t<span class=\"elementor-button-content-wrapper\">\n\t\t\t\t\t\t\t\t\t<span class=\"elementor-button-text\">Art. 7<\/span>\n\t\t\t\t\t<\/span>\n\t\t\t\t\t<\/a>\n\t\t\t\t\t\t\t\t<\/div>\n\t\t\t\t<div class=\"elementor-element elementor-element-cbb54f7 elementor-align-center elementor-widget elementor-widget-button\" data-id=\"cbb54f7\" data-element_type=\"widget\" data-e-type=\"widget\" data-widget_type=\"button.default\">\n\t\t\t\t\t\t\t\t\t\t<a class=\"elementor-button elementor-button-link elementor-size-sm\" href=\"#art-8\">\n\t\t\t\t\t\t<span class=\"elementor-button-content-wrapper\">\n\t\t\t\t\t\t\t\t\t<span class=\"elementor-button-text\">Art. 8<\/span>\n\t\t\t\t\t<\/span>\n\t\t\t\t\t<\/a>\n\t\t\t\t\t\t\t\t<\/div>\n\t\t\t\t<div class=\"elementor-element elementor-element-422722d elementor-align-center elementor-widget elementor-widget-button\" data-id=\"422722d\" data-element_type=\"widget\" data-e-type=\"widget\" data-widget_type=\"button.default\">\n\t\t\t\t\t\t\t\t\t\t<a class=\"elementor-button elementor-button-link elementor-size-sm\" href=\"#art-9\">\n\t\t\t\t\t\t<span class=\"elementor-button-content-wrapper\">\n\t\t\t\t\t\t\t\t\t<span class=\"elementor-button-text\">Art. 9<\/span>\n\t\t\t\t\t<\/span>\n\t\t\t\t\t<\/a>\n\t\t\t\t\t\t\t\t<\/div>\n\t\t\t\t<div class=\"elementor-element elementor-element-a8169c0 elementor-align-center elementor-widget elementor-widget-button\" data-id=\"a8169c0\" data-element_type=\"widget\" data-e-type=\"widget\" data-widget_type=\"button.default\">\n\t\t\t\t\t\t\t\t\t\t<a class=\"elementor-button elementor-button-link elementor-size-sm\" href=\"#art-10\">\n\t\t\t\t\t\t<span class=\"elementor-button-content-wrapper\">\n\t\t\t\t\t\t\t\t\t<span class=\"elementor-button-text\">Art. 10<\/span>\n\t\t\t\t\t<\/span>\n\t\t\t\t\t<\/a>\n\t\t\t\t\t\t\t\t<\/div>\n\t\t\t\t<div class=\"elementor-element elementor-element-9b66c5f elementor-align-center elementor-widget elementor-widget-button\" data-id=\"9b66c5f\" data-element_type=\"widget\" data-e-type=\"widget\" data-widget_type=\"button.default\">\n\t\t\t\t\t\t\t\t\t\t<a class=\"elementor-button elementor-button-link elementor-size-sm\" href=\"#art-11\">\n\t\t\t\t\t\t<span class=\"elementor-button-content-wrapper\">\n\t\t\t\t\t\t\t\t\t<span class=\"elementor-button-text\">Art. 11<\/span>\n\t\t\t\t\t<\/span>\n\t\t\t\t\t<\/a>\n\t\t\t\t\t\t\t\t<\/div>\n\t\t\t\t<div class=\"elementor-element elementor-element-e00077d elementor-align-center elementor-widget elementor-widget-button\" data-id=\"e00077d\" data-element_type=\"widget\" data-e-type=\"widget\" data-widget_type=\"button.default\">\n\t\t\t\t\t\t\t\t\t\t<a class=\"elementor-button elementor-button-link elementor-size-sm\" href=\"#art-12\">\n\t\t\t\t\t\t<span class=\"elementor-button-content-wrapper\">\n\t\t\t\t\t\t\t\t\t<span class=\"elementor-button-text\">Art. 12<\/span>\n\t\t\t\t\t<\/span>\n\t\t\t\t\t<\/a>\n\t\t\t\t\t\t\t\t<\/div>\n\t\t\t\t<div class=\"elementor-element elementor-element-1a2a5c4 elementor-align-center elementor-widget elementor-widget-button\" data-id=\"1a2a5c4\" data-element_type=\"widget\" data-e-type=\"widget\" data-widget_type=\"button.default\">\n\t\t\t\t\t\t\t\t\t\t<a class=\"elementor-button elementor-button-link elementor-size-sm\" href=\"#art-13\">\n\t\t\t\t\t\t<span class=\"elementor-button-content-wrapper\">\n\t\t\t\t\t\t\t\t\t<span class=\"elementor-button-text\">Art. 13<\/span>\n\t\t\t\t\t<\/span>\n\t\t\t\t\t<\/a>\n\t\t\t\t\t\t\t\t<\/div>\n\t\t\t\t<div class=\"elementor-element elementor-element-a31a9c1 elementor-align-center elementor-widget elementor-widget-button\" data-id=\"a31a9c1\" data-element_type=\"widget\" data-e-type=\"widget\" data-widget_type=\"button.default\">\n\t\t\t\t\t\t\t\t\t\t<a class=\"elementor-button elementor-button-link elementor-size-sm\" href=\"#art-14\">\n\t\t\t\t\t\t<span class=\"elementor-button-content-wrapper\">\n\t\t\t\t\t\t\t\t\t<span class=\"elementor-button-text\">Art. 14<\/span>\n\t\t\t\t\t<\/span>\n\t\t\t\t\t<\/a>\n\t\t\t\t\t\t\t\t<\/div>\n\t\t\t\t<\/div>\n\t\t\t\t<div class=\"elementor-element elementor-element-dcb396b elementor-widget elementor-widget-text-editor\" data-id=\"dcb396b\" data-element_type=\"widget\" data-e-type=\"widget\" id=\"art-1\" data-widget_type=\"text-editor.default\">\n\t\t\t\t\t\t\t\t\t<p><strong><span class=\"testobianco12\">STATUTO ASSOCIATIVO<\/span><\/strong><\/p><p class=\"testobianco12\"><span id=\"art-1\"><\/span><br \/><strong><span class=\"testorosso12\">&#8211; Art. 1<\/span><\/strong><br \/>E&#8217; costituita l&#8217;associazione denominata: RICERCHE FORTIFICAZIONI ALTOMEDIEVALI.<\/p><p><span id=\"art-2\"><\/span><br \/><strong><span class=\"testorosso12\">&#8211; Art. 2<\/span><\/strong><br \/>L&#8217;associazione non persegue fini di lucro.<\/p><p><span id=\"art-3\"><\/span><br \/><strong><span class=\"testorosso12\">&#8211; Art. 3<\/span><\/strong><br \/>L&#8217;associazione ha lo scopo di favorire la conoscenza delle fortificazioni tardoantiche altomedievali, sviluppando attivit\u00e0 interdisciplinari di ricerca, di studio, di divulgazione e di tutela sui siti fortificati e sui loro territori. In particolare, l&#8217;associazione si far\u00e0 promotrice di ricerche sul campo, di incontri di studio, di pubblicazioni, di attivit\u00e0 divulgative, avvalendosi anche della collaborazione di singoli studiosi e di enti scientifici e territoriali.<\/p><p><span id=\"art-4\"><\/span><br \/><strong><span class=\"testorosso12\">&#8211; Art. 4<\/span><\/strong><br \/>L&#8217;associazione ha sede in Piazza Cesare Battisti 11, 38015, Lavis (TN).<\/p><p><span id=\"art-5\"><\/span><br \/><strong><span class=\"testorosso12\">&#8211; Art. 5<\/span><\/strong><br \/>Dell&#8217;associazione fanno parte soci onorari, soci ordinari e soci associati.<\/p><p>Possono essere soci onorari personalit\u00e0 che abbiano contribuito in modo rilevante allo sviluppo della ricerca nel campo delle fortificazioni altomedievali ed all&#8217;affermazione dell&#8217;associazione.<\/p><p>Possono essere soci ordinari, oltre ai fondatori, tutti coloro che svolgono ricerca attiva portando un contributo scientifico nel campo delle fortificazioni tardoantiche altomedievali.<\/p><p>Possono essere soci associati tutti coloro che, pur non svolgendo attivit\u00e0 nel campo delle fortificazioni tardoantiche altomedievali, abbiano dato o intendano dare un contributo allo sviluppo di queste attivit\u00e0 e, per un periodo non superiore a tre anni, coloro che frequentano corsi universitari o siano interessati alle discipline afferenti allo studio delle fortificazioni tardoantiche altomedievali.<\/p><p>I soli soci ordinari hanno diritto al voto e possono ricoprere cariche sociali.<\/p><p><span id=\"art-6\"><\/span><br \/><strong><span class=\"testorosso12\">&#8211; Art. 6<\/span><\/strong><br \/>Le persone fisiche che intendono far parte dell&#8217;associazione devono essere presentate da due soci ordinari ed inoltrare domanda al presidente, allegando un curriculum personale.<\/p><p>Nel caso di istituzioni o enti, il presidente degli stessi inoltrer\u00e0 domanda al presidente allegando statuto e\/o regolamento.<\/p><p>L&#8217;ammissione di nuovi soci viene successivamente deliberata dall&#8217;assemblea.<\/p><p><span id=\"art-7\"><\/span><br \/><strong><span class=\"testorosso12\">&#8211; Art. 7<\/span><\/strong><br \/>Sono organi dell&#8217;associazione: il presidente, il consiglio e l&#8217;assemblea dei soci.<\/p><p><span id=\"art-8\"><\/span><br \/><strong><span class=\"testorosso12\">&#8211; Art. 8<\/span><\/strong><br \/>Il presidente viene eletto dal consiglio e rimane in carica per non pi\u00f9 di sei anni. Rappresenta legalmente l&#8217;associazione e d\u00e0 esecuzione ai deliberati del consiglio. In caso di assenza o di impedimento, \u00e8 sostituito da un membro del consiglio da lui delegato.<\/p><p><span id=\"art-9\"><\/span><br \/><strong><span class=\"testorosso12\">&#8211; Art. 9<\/span><\/strong><br \/>I membri del consiglio, da un minimo di tre ad un massimo di sette, sono eletti fra i cultori delle diverse discipline dall&#8217;assemblea dei soci; durano in carica tre anni e sono rieleggibili. Il consiglio nomina, anche al di fuori del consiglio stesso, un tesoriere e un segretario.<\/p><p>Al consiglio sono affidati tutti i poteri di amministrazione ordinaria e straordinaria al fine di perseguire gli scopi dell&#8217;associazione, tranne quelli che per legge sono attribuiti all&#8217;assemblea.<\/p><p>In particolare il consiglio delibera sulle quote associative.<\/p><p><span id=\"art-10\"><\/span><br \/><strong><span class=\"testorosso12\">&#8211; Art. 10<\/span><\/strong><br \/>L&#8217;assemblea generale dei soci si riunisce almeno una volta all&#8217;anno presso la sede sociale o in altro luogo indicato dall&#8217;avviso di convocazione.<\/p><p><span id=\"art-11\"><\/span><br \/><strong><span class=\"testorosso12\">&#8211; Art. 11<\/span><\/strong><br \/>L&#8217;assemblea \u00e8 validamente costituita in prima convocazione con la presenza di almeno la met\u00e0 dei soci aventi diritto al voto, e in seconda convocazione con la presenza di un numero qualsiasi di soci.<\/p><p><span id=\"art-12\"><\/span><br \/><strong><span class=\"testorosso12\">&#8211; Art. 12<\/span><\/strong><br \/>Il patrimonio necessario all&#8217;associazione per il raggiungimento dei propri scopi sar\u00e0 costituito dalle quote sociali e da eventuali contributi e donazioni.<\/p><p><span id=\"art-13\"><\/span><br \/><strong><span class=\"testorosso12\">&#8211; Art. 13<\/span><\/strong><br \/>Le modalit\u00e0 di applicazione dello statuto saranno precisate da apposito regolamento che verr\u00e0 adottato dall&#8217;assemblea.<\/p><p><span id=\"art-14\"><\/span><br \/><strong><span class=\"testorosso12\">&#8211; Art. 14<\/span><\/strong><br \/>Le modifiche dello statuto e del regolamento devono essere sottoposte al voto di tutti i membri attivi. Per l&#8217;approvazione \u00e8 richiesto il voto favorevole di almeno 2\/3 dei votanti.<\/p>\t\t\t\t\t\t\t\t<\/div>\n\t\t\t\t<div class=\"elementor-element elementor-element-1c8b6e1 elementor-widget elementor-widget-button\" data-id=\"1c8b6e1\" data-element_type=\"widget\" data-e-type=\"widget\" data-widget_type=\"button.default\">\n\t\t\t\t\t\t\t\t\t\t<a class=\"elementor-button elementor-button-link elementor-size-sm\" href=\"#\">\n\t\t\t\t\t\t<span class=\"elementor-button-content-wrapper\">\n\t\t\t\t\t\t\t\t\t<span class=\"elementor-button-text\">Art. 1<\/span>\n\t\t\t\t\t<\/span>\n\t\t\t\t\t<\/a>\n\t\t\t\t\t\t\t\t<\/div>\n\t\t\t\t\t<\/div>\n\t\t\t\t<\/div>\n\t\t\t\t<\/div>\n\t\t","protected":false},"excerpt":{"rendered":"<p>Art. 1 Art. 2 Art. 3 Art. 4 Art. 5 Art. 6 Art. 7 Art. 8 Art. 9 Art. 10 [&hellip;]<\/p>\n","protected":false},"author":1,"featured_media":0,"parent":0,"menu_order":0,"comment_status":"closed","ping_status":"closed","template":"","meta":{"_uag_custom_page_level_css":"","site-sidebar-layout":"no-sidebar","site-content-layout":"","ast-site-content-layout":"full-width-container","site-content-style":"default","site-sidebar-style":"default","ast-global-header-display":"","ast-banner-title-visibility":"","ast-main-header-display":"","ast-hfb-above-header-display":"","ast-hfb-below-header-display":"","ast-hfb-mobile-header-display":"","site-post-title":"","ast-breadcrumbs-content":"","ast-featured-img":"disabled","footer-sml-layout":"","ast-disable-related-posts":"","theme-transparent-header-meta":"","adv-header-id-meta":"","stick-header-meta":"","header-above-stick-meta":"","header-main-stick-meta":"","header-below-stick-meta":"","astra-migrate-meta-layouts":"default","ast-page-background-enabled":"default","ast-page-background-meta":{"desktop":{"background-color":"var(--ast-global-color-5)","background-image":"","background-repeat":"repeat","background-position":"center center","background-size":"auto","background-attachment":"scroll","background-type":"","background-media":"","overlay-type":"","overlay-color":"","overlay-opacity":"","overlay-gradient":""},"tablet":{"background-color":"","background-image":"","background-repeat":"repeat","background-position":"center center","background-size":"auto","background-attachment":"scroll","background-type":"","background-media":"","overlay-type":"","overlay-color":"","overlay-opacity":"","overlay-gradient":""},"mobile":{"background-color":"","background-image":"","background-repeat":"repeat","background-position":"center center","background-size":"auto","background-attachment":"scroll","background-type":"","background-media":"","overlay-type":"","overlay-color":"","overlay-opacity":"","overlay-gradient":""}},"ast-content-background-meta":{"desktop":{"background-color":"var(--ast-global-color-4)","background-image":"","background-repeat":"repeat","background-position":"center center","background-size":"auto","background-attachment":"scroll","background-type":"","background-media":"","overlay-type":"","overlay-color":"","overlay-opacity":"","overlay-gradient":""},"tablet":{"background-color":"var(--ast-global-color-4)","background-image":"","background-repeat":"repeat","background-position":"center center","background-size":"auto","background-attachment":"scroll","background-type":"","background-media":"","overlay-type":"","overlay-color":"","overlay-opacity":"","overlay-gradient":""},"mobile":{"background-color":"var(--ast-global-color-4)","background-image":"","background-repeat":"repeat","background-position":"center center","background-size":"auto","background-attachment":"scroll","background-type":"","background-media":"","overlay-type":"","overlay-color":"","overlay-opacity":"","overlay-gradient":""}},"footnotes":""},"class_list":["post-84","page","type-page","status-publish","hentry"],"uagb_featured_image_src":{"full":false,"thumbnail":false,"medium":false,"medium_large":false,"large":false,"1536x1536":false,"2048x2048":false},"uagb_author_info":{"display_name":"rfa_admin","author_link":"https:\/\/www.rfa-italia.it\/wp\/?author=1"},"uagb_comment_info":0,"uagb_excerpt":"Art. 1 Art. 2 Art. 3 Art. 4 Art. 5 Art. 6 Art. 7 Art. 8 Art. 9 Art. 10 [&hellip;]","_links":{"self":[{"href":"https:\/\/www.rfa-italia.it\/wp\/index.php?rest_route=\/wp\/v2\/pages\/84","targetHints":{"allow":["GET"]}}],"collection":[{"href":"https:\/\/www.rfa-italia.it\/wp\/index.php?rest_route=\/wp\/v2\/pages"}],"about":[{"href":"https:\/\/www.rfa-italia.it\/wp\/index.php?rest_route=\/wp\/v2\/types\/page"}],"author":[{"embeddable":true,"href":"https:\/\/www.rfa-italia.it\/wp\/index.php?rest_route=\/wp\/v2\/users\/1"}],"replies":[{"embeddable":true,"href":"https:\/\/www.rfa-italia.it\/wp\/index.php?rest_route=%2Fwp%2Fv2%2Fcomments&post=84"}],"version-history":[{"count":22,"href":"https:\/\/www.rfa-italia.it\/wp\/index.php?rest_route=\/wp\/v2\/pages\/84\/revisions"}],"predecessor-version":[{"id":146,"href":"https:\/\/www.rfa-italia.it\/wp\/index.php?rest_route=\/wp\/v2\/pages\/84\/revisions\/146"}],"wp:attachment":[{"href":"https:\/\/www.rfa-italia.it\/wp\/index.php?rest_route=%2Fwp%2Fv2%2Fmedia&parent=84"}],"curies":[{"name":"wp","href":"https:\/\/api.w.org\/{rel}","templated":true}]}}